{"id":56426,"date":"2026-01-05T08:46:40","date_gmt":"2026-01-05T08:46:40","guid":{"rendered":"https:\/\/www.mka.lu\/?page_id=56426"},"modified":"2026-01-26T07:30:08","modified_gmt":"2026-01-26T07:30:08","slug":"contact","status":"publish","type":"page","link":"https:\/\/www.mka.lu\/?page_id=56426","title":{"rendered":"Contact"},"content":{"rendered":"<h2 data-start=\"117\" data-end=\"280\">Vous avez un projet immobilier au Luxembourg ?<\/h2>\n<p data-start=\"117\" data-end=\"280\">Vente, achat ou estimation d\u2019un bien : l\u2019\u00e9quipe de <strong data-start=\"215\" data-end=\"245\">MKA \u2013 Malou Knaff S.\u00e0 r.l.<\/strong> met son expertise \u00e0 votre service. Nous vous accueillons dans nos bureaux au Luxembourg afin de vous accompagner \u00e0 chaque \u00e9tape de votre parcours immobilier. Gr\u00e2ce \u00e0 un suivi personnalis\u00e9, des conseils professionnels et une estimation gratuite, vous avancez dans votre projet en toute confiance.<\/p>\n<p>&nbsp;<\/p>\n","protected":false},"excerpt":{"rendered":"<p>Vous avez un projet immobilier au Luxembourg ? Vente, achat ou estimation d\u2019un bien : l\u2019\u00e9quipe de MKA \u2013 Malou Knaff S.\u00e0 r.l. met son expertise \u00e0 votre service. Nous vous accueillons dans nos bureaux au Luxembourg afin de vous accompagner \u00e0 chaque \u00e9tape de votre parcours immobilier. Gr\u00e2ce \u00e0 un suivi personnalis\u00e9, des conseils&hellip;<\/p>\n","protected":false},"author":1,"featured_media":0,"parent":0,"menu_order":0,"comment_status":"closed","ping_status":"closed","template":"page-templates\/page-template-contact.php","meta":[],"aioseo_notices":[],"_links":{"self":[{"href":"https:\/\/www.mka.lu\/index.php?rest_route=\/wp\/v2\/pages\/56426"}],"collection":[{"href":"https:\/\/www.mka.lu\/index.php?rest_route=\/wp\/v2\/pages"}],"about":[{"href":"https:\/\/www.mka.lu\/index.php?rest_route=\/wp\/v2\/types\/page"}],"author":[{"embeddable":true,"href":"https:\/\/www.mka.lu\/index.php?rest_route=\/wp\/v2\/users\/1"}],"replies":[{"embeddable":true,"href":"https:\/\/www.mka.lu\/index.php?rest_route=%2Fwp%2Fv2%2Fcomments&post=56426"}],"version-history":[{"count":16,"href":"https:\/\/www.mka.lu\/index.php?rest_route=\/wp\/v2\/pages\/56426\/revisions"}],"predecessor-version":[{"id":56680,"href":"https:\/\/www.mka.lu\/index.php?rest_route=\/wp\/v2\/pages\/56426\/revisions\/56680"}],"wp:attachment":[{"href":"https:\/\/www.mka.lu\/index.php?rest_route=%2Fwp%2Fv2%2Fmedia&parent=56426"}],"curies":[{"name":"wp","href":"https:\/\/api.w.org\/{rel}","templated":true}]}}