{"id":55460,"date":"2025-10-14T13:36:25","date_gmt":"2025-10-14T13:36:25","guid":{"rendered":"https:\/\/www.mka.lu\/?page_id=55460"},"modified":"2026-01-02T13:26:43","modified_gmt":"2026-01-02T13:26:43","slug":"equipe","status":"publish","type":"page","link":"https:\/\/www.mka.lu\/?page_id=55460","title":{"rendered":"Notre Equipe"},"content":{"rendered":"        <style>\n            .tm-intro {\n                text-align: center;\n                max-width: 800px;\n                margin: 5rem auto;\n            }\n\n            .tm-intro h2 {\n                margin: 0 0 .5rem 0;\n                font-size: clamp(1.5rem, 2.2vw, 2rem);\n                line-height: 1.2\n            }\n\n            .tm-intro p {\n                margin: 0;\n                color: #4b5563\n            }\n\n            .tm-intro .tm-cta {\n                margin-top: 1rem\n            }\n\n            .tm-button {\n                display: inline-block;\n                padding: .65rem 1rem;\n                background: #111827;\n                color: #fff;\n                border-radius: .5rem;\n                text-decoration: none\n            }\n\n            .tm-button:hover {\n                background: #0b1220\n            }\n\n            .tm-grid {\n                display: grid;\n                gap: 1rem\n            }\n\n            @media (min-width:480px) {\n                .tm-grid {\n                    grid-template-columns: repeat(2, minmax(0, 1fr))\n                }\n            }\n\n            @media (min-width:768px) {\n                .tm-grid {\n                    grid-template-columns: repeat(3, minmax(0, 1fr))\n                }\n            }\n\n            @media (min-width:1024px) {\n                .tm-grid {\n                    grid-template-columns: repeat(4, minmax(0, 1fr))\n                }\n            }\n\n            .tm-card {\n                border: 1px solid #e5e7eb;\n                border-radius: 12px;\n                padding: 1rem;\n                background: #fff;\n                display: flex;\n                flex-direction: column;\n                gap: .5rem\n            }\n\n            .tm-avatar {\n                width: 100%;\n                height: auto;\n                border-radius: 10px;\n                object-fit: cover;\n                object-position: center top\n            }\n\n            .tm-name {\n                font-weight: 600;\n                line-height: 1.3;\n                margin: 0\n            }\n\n            .tm-meta {\n                margin: 0;\n                font-size: .95rem;\n                color: #374151\n            }\n\n            .tm-links a {\n                display: inline-flex;\n                align-items: center;\n                gap: .375rem;\n                margin-right: .5rem;\n                text-decoration: none\n            }\n\n            .tm-links a:hover {\n                text-decoration: underline\n            }\n\n            .tm-icon {\n                width: 1em;\n                height: 1em;\n                flex: 0 0 auto;\n            }\n\n\n\n\n\n            .tm-avatar-fullwidth {\n                width: 100%;\n                display: block;\n                border-radius: 0;\n            }\n        <\/style>\n<div class=\"tm-intro\"><h2>Chez MKA, nous croyons que la r\u00e9ussite d\u2019un projet immobilier na\u00eet avant tout d\u2019une relation de confiance et d\u2019un accompagnement humain, sinc\u00e8re et sur mesure.<\/h2><p>Depuis 25 ans, MKA met son expertise et sa parfaite connaissance du march\u00e9 luxembourgeois au service d\u2019une client\u00e8le exigeante. Notre ambition : offrir un service immobilier d\u2019excellence, fond\u00e9 sur la confiance, la pr\u00e9cision et la confidentialit\u00e9.<\/p><div class=\"tm-cta\"><a class=\"tm-button\" href=\"\/?page_id=26\">Contactez-nous<\/a><\/div><\/div>\n<div class=\"tm-card-fullwidth-wrapper\"><div class=\"tm-card tm-card-fullwidth\"><img class=\"tm-avatar tm-avatar-fullwidth\" src=\"https:\/\/www.mka.lu\/wp-content\/uploads\/P2185333-fixed.jpg\" alt=\"Team\"><\/div><\/div>\n<p style=\"text-align: left;\"><div class=\"tm-grid\" ><div class=\"tm-card\"><img width=\"600\" height=\"800\" src=\"https:\/\/www.mka.lu\/wp-content\/uploads\/mme-knaff-600x800.jpg\" class=\"tm-avatar\" alt=\"Malou KNAFF\" loading=\"lazy\" srcset=\"https:\/\/www.mka.lu\/wp-content\/uploads\/mme-knaff-600x800.jpg 600w, https:\/\/www.mka.lu\/wp-content\/uploads\/mme-knaff-225x300.jpg 225w, https:\/\/www.mka.lu\/wp-content\/uploads\/mme-knaff-768x1024.jpg 768w, https:\/\/www.mka.lu\/wp-content\/uploads\/mme-knaff-480x640.jpg 480w, https:\/\/www.mka.lu\/wp-content\/uploads\/mme-knaff.jpg 1000w\" sizes=\"(max-width: 600px) 100vw, 600px\" \/><p class=\"tm-name\">Malou KNAFF<\/p><p class=\"tm-meta\">CEO \/ Founder<\/p><div class=\"tm-links\"><\/div><\/div><div class=\"tm-card\"><img width=\"600\" height=\"800\" src=\"https:\/\/www.mka.lu\/wp-content\/uploads\/P2185349-copyb-600x800.jpg\" class=\"tm-avatar\" alt=\"Sonja HAAS\" loading=\"lazy\" \/><p class=\"tm-name\">Sonja HAAS<\/p><div class=\"tm-links\"><\/div><\/div><div class=\"tm-card\"><img width=\"600\" height=\"800\" src=\"https:\/\/www.mka.lu\/wp-content\/uploads\/P2185351-copyb-600x800.jpg\" class=\"tm-avatar\" alt=\"Sonja ERTZ\" loading=\"lazy\" \/><p class=\"tm-name\">Sonja ERTZ<\/p><div class=\"tm-links\"><\/div><\/div><div class=\"tm-card\"><img width=\"600\" height=\"800\" src=\"https:\/\/www.mka.lu\/wp-content\/uploads\/P2185326-copyb-600x800.jpg\" class=\"tm-avatar\" alt=\"Anita MAJERUS\" loading=\"lazy\" \/><p class=\"tm-name\">Anita MAJERUS<\/p><div class=\"tm-links\"><\/div><\/div><div class=\"tm-card\"><img width=\"600\" height=\"800\" src=\"https:\/\/www.mka.lu\/wp-content\/uploads\/P2185346-copyb-600x800.jpg\" class=\"tm-avatar\" alt=\"Gorete RODRIGUES\" loading=\"lazy\" srcset=\"https:\/\/www.mka.lu\/wp-content\/uploads\/P2185346-copyb-600x800.jpg 600w, https:\/\/www.mka.lu\/wp-content\/uploads\/P2185346-copyb-225x300.jpg 225w, https:\/\/www.mka.lu\/wp-content\/uploads\/P2185346-copyb-769x1024.jpg 769w, https:\/\/www.mka.lu\/wp-content\/uploads\/P2185346-copyb-768x1023.jpg 768w, https:\/\/www.mka.lu\/wp-content\/uploads\/P2185346-copyb-1153x1536.jpg 1153w, https:\/\/www.mka.lu\/wp-content\/uploads\/P2185346-copyb-480x639.jpg 480w, https:\/\/www.mka.lu\/wp-content\/uploads\/P2185346-copyb.jpg 1500w\" sizes=\"(max-width: 600px) 100vw, 600px\" \/><p class=\"tm-name\">Gorete RODRIGUES<\/p><div class=\"tm-links\"><\/div><\/div><div class=\"tm-card\"><img width=\"600\" height=\"800\" src=\"https:\/\/www.mka.lu\/wp-content\/uploads\/P2185367-copyb-600x800.jpg\" class=\"tm-avatar\" alt=\"Anna FERRES\" loading=\"lazy\" \/><p class=\"tm-name\">Anna FERRES<\/p><div class=\"tm-links\"><\/div><\/div><div class=\"tm-card\"><img width=\"600\" height=\"800\" src=\"https:\/\/www.mka.lu\/wp-content\/uploads\/P2185366-copyb-600x800.jpg\" class=\"tm-avatar\" alt=\"Maja RASTODER\" loading=\"lazy\" \/><p class=\"tm-name\">Maja RASTODER<\/p><div class=\"tm-links\"><\/div><\/div><div class=\"tm-card\"><img width=\"600\" height=\"800\" src=\"https:\/\/www.mka.lu\/wp-content\/uploads\/P2185352-copyb-600x800.jpg\" class=\"tm-avatar\" alt=\"Janine NEVES\" loading=\"lazy\" \/><p class=\"tm-name\">Janine NEVES<\/p><div class=\"tm-links\"><\/div><\/div><\/div>\n<p>&nbsp;<\/p>\n","protected":false},"excerpt":{"rendered":"<p>&nbsp;<\/p>\n","protected":false},"author":1,"featured_media":56145,"parent":0,"menu_order":0,"comment_status":"closed","ping_status":"closed","template":"","meta":[],"aioseo_notices":[],"_links":{"self":[{"href":"https:\/\/www.mka.lu\/index.php?rest_route=\/wp\/v2\/pages\/55460"}],"collection":[{"href":"https:\/\/www.mka.lu\/index.php?rest_route=\/wp\/v2\/pages"}],"about":[{"href":"https:\/\/www.mka.lu\/index.php?rest_route=\/wp\/v2\/types\/page"}],"author":[{"embeddable":true,"href":"https:\/\/www.mka.lu\/index.php?rest_route=\/wp\/v2\/users\/1"}],"replies":[{"embeddable":true,"href":"https:\/\/www.mka.lu\/index.php?rest_route=%2Fwp%2Fv2%2Fcomments&post=55460"}],"version-history":[{"count":36,"href":"https:\/\/www.mka.lu\/index.php?rest_route=\/wp\/v2\/pages\/55460\/revisions"}],"predecessor-version":[{"id":56423,"href":"https:\/\/www.mka.lu\/index.php?rest_route=\/wp\/v2\/pages\/55460\/revisions\/56423"}],"wp:featuredmedia":[{"embeddable":true,"href":"https:\/\/www.mka.lu\/index.php?rest_route=\/wp\/v2\/media\/56145"}],"wp:attachment":[{"href":"https:\/\/www.mka.lu\/index.php?rest_route=%2Fwp%2Fv2%2Fmedia&parent=55460"}],"curies":[{"name":"wp","href":"https:\/\/api.w.org\/{rel}","templated":true}]}}